{"id":104,"date":"2020-06-16T12:36:06","date_gmt":"2020-06-16T12:36:06","guid":{"rendered":"https:\/\/www.gellisrl.it\/?page_id=104"},"modified":"2025-01-13T13:54:13","modified_gmt":"2025-01-13T11:54:13","slug":"chi-siamo","status":"publish","type":"page","link":"https:\/\/www.gellisrl.it\/it\/azienda\/chi-siamo\/","title":{"rendered":"Chi siamo"},"content":{"rendered":"<p>[vc_row full_width=&#8221;stretch_row_content_no_spaces&#8221; gap=&#8221;30&#8243; equal_height=&#8221;yes&#8221; content_placement=&#8221;middle&#8221; content_text_aligment=&#8221;&#8221; use_row_as_full_screen_section=&#8221;no&#8221; css=&#8221;.vc_custom_1685377714838{margin-top: 0px !important;background-image: url(https:\/\/www.gellisrl.it\/wp-content\/uploads\/2023\/05\/taglio-azienda.jpg?id=896) !important;background-position: center !important;background-repeat: no-repeat !important;background-size: cover !important;}&#8221; el_class=&#8221;backwhite&#8221;][vc_column][vc_empty_space height=&#8221;40vh&#8221;][\/vc_column][\/vc_row][vc_row gap=&#8221;35&#8243; equal_height=&#8221;yes&#8221; content_placement=&#8221;middle&#8221; content_text_aligment=&#8221;&#8221; use_row_as_full_screen_section=&#8221;no&#8221; css=&#8221;.vc_custom_1684848695917{margin-top: 50px !important;margin-bottom: 50px !important;background-color: #ffffff !important;}&#8221; el_class=&#8221;backwhite&#8221;][vc_column width=&#8221;1\/2&#8243;][vc_custom_heading text=&#8221;CHI SIAMO&#8221; font_container=&#8221;tag:h1|font_size:94|text_align:left|color:%23b7b7b7|line_height:1&#8243; use_theme_fonts=&#8221;yes&#8221; el_class=&#8221;gelli-titolo-big&#8221;][vc_separator color=&#8221;custom&#8221; align=&#8221;align_left&#8221; border_width=&#8221;4&#8243; el_width=&#8221;10&#8243; accent_color=&#8221;#396ea0&#8243; css=&#8221;.vc_custom_1684417369310{margin-top: 0px !important;margin-bottom: 0px !important;padding-top: 0px !important;padding-bottom: 0px !important;}&#8221;][vc_column_text css=&#8221;.vc_custom_1684666634534{margin-top: 20px !important;}&#8221;]Situati nel cuore della Toscana, tra Firenze e Siena, la nostra azienda opera dal 1976 nel settore lavorazione lamiere e produzione di telai per macchinari di varie tipologie. Da sempre si contraddistingue per affidabilit\u00e0, qualit\u00e0 e puntualit\u00e0.<\/p>\n<p>Dietro specifiche dei nostri clienti, produciamo<strong> lamiere tagliate, piegate, saldate e lavorate<\/strong> con macchine utensili grazie ad un parco macchine moderno, competitivo ed in continuo aggiornamento. Con la collaborazione di fornitori esterni forniamo ai nostri clienti anche lamiere e telai completi di trattamenti superficiali come verniciatura, zincatura, e simili.<\/p>\n<p>Dove esiste la possibilit\u00e0 di produzioni ripetitive nel tempo, sviluppiamo per conto e in collaborazione dei nostri clienti progetti, prototipi ed attrezzature per la produzione in serie. La nostra clientela, situata quasi prevalentemente nel Centro e nel Nord Italia, \u00e8 caratterizzata da micro, piccole, medie e grandi imprese che producono macchine, macchinari ed impianti per i pi\u00f9 svariati settori: telecomunicazioni, movimento terra, lavorazione del legno, agricoltura, settore farmaceutico, moduli abitativi e arredamento d\u2019interni, attrezzature ferroviarie, edilizia, lavorazione dei metalli, lavorazione del legno. Con rapidit\u00e0 e rispetto delle tempistiche stabilite, trasportiamo e consegniamo le merci di nostra produzione, sia tramite mezzi propri che con l\u2019aiuto di corrieri di provata affidabilit\u00e0.[\/vc_column_text][\/vc_column][vc_column width=&#8221;1\/2&#8243;][vc_single_image image=&#8221;673&#8243; img_size=&#8221;full&#8221; alignment=&#8221;center&#8221; onclick=&#8221;link_image&#8221; el_class=&#8221;gelli-img-shadow&#8221;][vc_single_image image=&#8221;514&#8243; img_size=&#8221;full&#8221; alignment=&#8221;center&#8221; onclick=&#8221;link_image&#8221; el_class=&#8221;gelli-img-shadow&#8221; css=&#8221;.vc_custom_1684848724346{margin-top: 50px !important;}&#8221;][\/vc_column][\/vc_row]<\/p>\n","protected":false},"excerpt":{"rendered":"<p>[vc_row full_width=&#8221;stretch_row_content_no_spaces&#8221; gap=&#8221;30&#8243; equal_height=&#8221;yes&#8221; content_placement=&#8221;middle&#8221; content_text_aligment=&#8221;&#8221; use_row_as_full_screen_section=&#8221;no&#8221; css=&#8221;.vc_custom_1685377714838{margin-top: 0px !important;background-image: url(https:\/\/www.gellisrl.it\/wp-content\/uploads\/2023\/05\/taglio-azienda.jpg?id=896) !important;background-position: center !important;background-repeat: no-repeat !important;background-size: cover !important;}&#8221; el_class=&#8221;backwhite&#8221;][vc_column][vc_empty_space height=&#8221;40vh&#8221;][\/vc_column][\/vc_row][vc_row gap=&#8221;35&#8243; equal_height=&#8221;yes&#8221; content_placement=&#8221;middle&#8221; content_text_aligment=&#8221;&#8221; use_row_as_full_screen_section=&#8221;no&#8221; css=&#8221;.vc_custom_1684848695917{margin-top: 50px !important;margin-bottom: 50px !important;background-color: #ffffff !important;}&#8221; el_class=&#8221;backwhite&#8221;][vc_column width=&#8221;1\/2&#8243;][vc_custom_heading text=&#8221;CHI SIAMO&#8221; font_container=&#8221;tag:h1|font_size:94|text_align:left|color:%23b7b7b7|line_height:1&#8243; use_theme_fonts=&#8221;yes&#8221; el_class=&#8221;gelli-titolo-big&#8221;][vc_separator color=&#8221;custom&#8221; align=&#8221;align_left&#8221; border_width=&#8221;4&#8243; el_width=&#8221;10&#8243; accent_color=&#8221;#396ea0&#8243; css=&#8221;.vc_custom_1684417369310{margin-top: [&hellip;]<\/p>\n","protected":false},"author":1,"featured_media":0,"parent":99,"menu_order":0,"comment_status":"closed","ping_status":"closed","template":"","meta":{"footnotes":""},"class_list":["post-104","page","type-page","status-publish","hentry"],"yoast_head":"<!-- This site is optimized with the Yoast SEO plugin v26.7 - https:\/\/yoast.com\/wordpress\/plugins\/seo\/ -->\n<title>Chi Siamo - Gelli<\/title>\n<meta name=\"description\" content=\"Dal 1976, tra Firenze e Siena, Gelli opera nel settore lavorazione lamiere e produzione di telai per macchinari di varie tipologie.\" \/>\n<meta name=\"robots\" content=\"index, follow, max-snippet:-1, max-image-preview:large, max-video-preview:-1\" \/>\n<link rel=\"canonical\" href=\"https:\/\/www.gellisrl.it\/it\/azienda\/chi-siamo\/\" \/>\n<meta property=\"og:locale\" content=\"it_IT\" \/>\n<meta property=\"og:type\" content=\"article\" \/>\n<meta property=\"og:title\" content=\"Chi Siamo - Gelli\" \/>\n<meta property=\"og:description\" content=\"Dal 1976, tra Firenze e Siena, Gelli opera nel settore lavorazione lamiere e produzione di telai per macchinari di varie tipologie.\" \/>\n<meta property=\"og:url\" content=\"https:\/\/www.gellisrl.it\/it\/azienda\/chi-siamo\/\" \/>\n<meta property=\"og:site_name\" content=\"Gelli Srl\" \/>\n<meta property=\"article:modified_time\" content=\"2025-01-13T11:54:13+00:00\" \/>\n<meta name=\"twitter:card\" content=\"summary_large_image\" \/>\n<meta name=\"twitter:label1\" content=\"Tempo di lettura stimato\" \/>\n\t<meta name=\"twitter:data1\" content=\"2 minuti\" \/>\n<script type=\"application\/ld+json\" class=\"yoast-schema-graph\">{\"@context\":\"https:\/\/schema.org\",\"@graph\":[{\"@type\":\"WebPage\",\"@id\":\"https:\/\/www.gellisrl.it\/it\/azienda\/chi-siamo\/\",\"url\":\"https:\/\/www.gellisrl.it\/it\/azienda\/chi-siamo\/\",\"name\":\"Chi Siamo - Gelli\",\"isPartOf\":{\"@id\":\"https:\/\/www.gellisrl.it\/it\/#website\"},\"datePublished\":\"2020-06-16T12:36:06+00:00\",\"dateModified\":\"2025-01-13T11:54:13+00:00\",\"description\":\"Dal 1976, tra Firenze e Siena, Gelli opera nel settore lavorazione lamiere e produzione di telai per macchinari di varie tipologie.\",\"breadcrumb\":{\"@id\":\"https:\/\/www.gellisrl.it\/it\/azienda\/chi-siamo\/#breadcrumb\"},\"inLanguage\":\"it-IT\",\"potentialAction\":[{\"@type\":\"ReadAction\",\"target\":[\"https:\/\/www.gellisrl.it\/it\/azienda\/chi-siamo\/\"]}]},{\"@type\":\"BreadcrumbList\",\"@id\":\"https:\/\/www.gellisrl.it\/it\/azienda\/chi-siamo\/#breadcrumb\",\"itemListElement\":[{\"@type\":\"ListItem\",\"position\":1,\"name\":\"Home\",\"item\":\"https:\/\/www.gellisrl.it\/it\/\"},{\"@type\":\"ListItem\",\"position\":2,\"name\":\"Azienda\",\"item\":\"https:\/\/www.gellisrl.it\/it\/azienda\/\"},{\"@type\":\"ListItem\",\"position\":3,\"name\":\"Chi siamo\"}]},{\"@type\":\"WebSite\",\"@id\":\"https:\/\/www.gellisrl.it\/it\/#website\",\"url\":\"https:\/\/www.gellisrl.it\/it\/\",\"name\":\"Gelli Srl\",\"description\":\"Produzione lamiere industriali tagliate a laser, piegate e profilate per l&#039;industria Toscana\",\"potentialAction\":[{\"@type\":\"SearchAction\",\"target\":{\"@type\":\"EntryPoint\",\"urlTemplate\":\"https:\/\/www.gellisrl.it\/it\/?s={search_term_string}\"},\"query-input\":{\"@type\":\"PropertyValueSpecification\",\"valueRequired\":true,\"valueName\":\"search_term_string\"}}],\"inLanguage\":\"it-IT\"}]}<\/script>\n<!-- \/ Yoast SEO plugin. -->","yoast_head_json":{"title":"Chi Siamo - Gelli","description":"Dal 1976, tra Firenze e Siena, Gelli opera nel settore lavorazione lamiere e produzione di telai per macchinari di varie tipologie.","robots":{"index":"index","follow":"follow","max-snippet":"max-snippet:-1","max-image-preview":"max-image-preview:large","max-video-preview":"max-video-preview:-1"},"canonical":"https:\/\/www.gellisrl.it\/it\/azienda\/chi-siamo\/","og_locale":"it_IT","og_type":"article","og_title":"Chi Siamo - Gelli","og_description":"Dal 1976, tra Firenze e Siena, Gelli opera nel settore lavorazione lamiere e produzione di telai per macchinari di varie tipologie.","og_url":"https:\/\/www.gellisrl.it\/it\/azienda\/chi-siamo\/","og_site_name":"Gelli Srl","article_modified_time":"2025-01-13T11:54:13+00:00","twitter_card":"summary_large_image","twitter_misc":{"Tempo di lettura stimato":"2 minuti"},"schema":{"@context":"https:\/\/schema.org","@graph":[{"@type":"WebPage","@id":"https:\/\/www.gellisrl.it\/it\/azienda\/chi-siamo\/","url":"https:\/\/www.gellisrl.it\/it\/azienda\/chi-siamo\/","name":"Chi Siamo - Gelli","isPartOf":{"@id":"https:\/\/www.gellisrl.it\/it\/#website"},"datePublished":"2020-06-16T12:36:06+00:00","dateModified":"2025-01-13T11:54:13+00:00","description":"Dal 1976, tra Firenze e Siena, Gelli opera nel settore lavorazione lamiere e produzione di telai per macchinari di varie tipologie.","breadcrumb":{"@id":"https:\/\/www.gellisrl.it\/it\/azienda\/chi-siamo\/#breadcrumb"},"inLanguage":"it-IT","potentialAction":[{"@type":"ReadAction","target":["https:\/\/www.gellisrl.it\/it\/azienda\/chi-siamo\/"]}]},{"@type":"BreadcrumbList","@id":"https:\/\/www.gellisrl.it\/it\/azienda\/chi-siamo\/#breadcrumb","itemListElement":[{"@type":"ListItem","position":1,"name":"Home","item":"https:\/\/www.gellisrl.it\/it\/"},{"@type":"ListItem","position":2,"name":"Azienda","item":"https:\/\/www.gellisrl.it\/it\/azienda\/"},{"@type":"ListItem","position":3,"name":"Chi siamo"}]},{"@type":"WebSite","@id":"https:\/\/www.gellisrl.it\/it\/#website","url":"https:\/\/www.gellisrl.it\/it\/","name":"Gelli Srl","description":"Produzione lamiere industriali tagliate a laser, piegate e profilate per l&#039;industria Toscana","potentialAction":[{"@type":"SearchAction","target":{"@type":"EntryPoint","urlTemplate":"https:\/\/www.gellisrl.it\/it\/?s={search_term_string}"},"query-input":{"@type":"PropertyValueSpecification","valueRequired":true,"valueName":"search_term_string"}}],"inLanguage":"it-IT"}]}},"_links":{"self":[{"href":"https:\/\/www.gellisrl.it\/it\/wp-json\/wp\/v2\/pages\/104","targetHints":{"allow":["GET"]}}],"collection":[{"href":"https:\/\/www.gellisrl.it\/it\/wp-json\/wp\/v2\/pages"}],"about":[{"href":"https:\/\/www.gellisrl.it\/it\/wp-json\/wp\/v2\/types\/page"}],"author":[{"embeddable":true,"href":"https:\/\/www.gellisrl.it\/it\/wp-json\/wp\/v2\/users\/1"}],"replies":[{"embeddable":true,"href":"https:\/\/www.gellisrl.it\/it\/wp-json\/wp\/v2\/comments?post=104"}],"version-history":[{"count":26,"href":"https:\/\/www.gellisrl.it\/it\/wp-json\/wp\/v2\/pages\/104\/revisions"}],"predecessor-version":[{"id":1543,"href":"https:\/\/www.gellisrl.it\/it\/wp-json\/wp\/v2\/pages\/104\/revisions\/1543"}],"up":[{"embeddable":true,"href":"https:\/\/www.gellisrl.it\/it\/wp-json\/wp\/v2\/pages\/99"}],"wp:attachment":[{"href":"https:\/\/www.gellisrl.it\/it\/wp-json\/wp\/v2\/media?parent=104"}],"curies":[{"name":"wp","href":"https:\/\/api.w.org\/{rel}","templated":true}]}}